{"id":6089,"date":"2026-02-25T12:24:05","date_gmt":"2026-02-25T12:24:05","guid":{"rendered":"https:\/\/spiritualite-et-reconstruction-personnelle.fr\/?page_id=6089"},"modified":"2026-04-06T22:25:59","modified_gmt":"2026-04-06T22:25:59","slug":"accueil","status":"publish","type":"page","link":"https:\/\/spiritualite-et-reconstruction-personnelle.fr\/","title":{"rendered":"Accueil"},"content":{"rendered":"<div data-colibri-id=\"6089-c1\" class=\"style-1051 style-local-6089-c1 position-relative\">\n  <!---->\n  <div data-colibri-component=\"section\" data-colibri-id=\"6089-c2\" id=\"contenu-accueil\" class=\"h-section h-section-global-spacing d-flex align-items-lg-center align-items-md-center align-items-center style-1052 style-local-6089-c2 position-relative\">\n    <div class=\"background-wrapper\">\n      <div class=\"background-layer background-layer-media-container-lg\">\n        <div data-enabled=\"true\" data-colibri-component=\"parallax\" class=\"background-layer paraxify\" model-id=\"6089-c2\" media=\"desktop\" is-preview=\"true\" style=\"background-image: url(&quot;https:\/\/spiritualite-et-reconstruction-personnelle.fr\/wp-content\/uploads\/2026\/02\/cropped-1-16a-2.jpg&quot;);\"><\/div>\n      <\/div>\n      <div class=\"background-layer background-layer-media-container-md\">\n        <div data-enabled=\"true\" data-colibri-component=\"parallax\" class=\"background-layer paraxify\" model-id=\"6089-c2\" media=\"tablet\" is-preview=\"true\" style=\"background-image: url(&quot;https:\/\/spiritualite-et-reconstruction-personnelle.fr\/wp-content\/uploads\/2026\/02\/cropped-1-16a-2.jpg&quot;);\"><\/div>\n      <\/div>\n      <div class=\"background-layer background-layer-media-container\">\n        <div data-enabled=\"true\" data-colibri-component=\"parallax\" class=\"background-layer paraxify\" model-id=\"6089-c2\" media=\"mobile\" is-preview=\"true\" style=\"background-image: url(&quot;https:\/\/spiritualite-et-reconstruction-personnelle.fr\/wp-content\/uploads\/2026\/02\/cropped-1-16a-2.jpg&quot;);\"><\/div>\n      <\/div>\n    <\/div>\n    <!---->\n    <div class=\"h-section-grid-container h-section-boxed-container\">\n      <!---->\n      <div data-colibri-id=\"6089-c3\" class=\"h-row-container gutters-row-lg-2 gutters-row-md-2 gutters-row-0 gutters-row-v-lg-2 gutters-row-v-md-2 gutters-row-v-2 style-1053 style-local-6089-c3 position-relative\">\n        <!---->\n        <div class=\"h-row justify-content-lg-center justify-content-md-center justify-content-center align-items-lg-center align-items-md-center align-items-center gutters-col-lg-2 gutters-col-md-2 gutters-col-0 gutters-col-v-lg-2 gutters-col-v-md-2 gutters-col-v-2\">\n          <!---->\n          <div class=\"h-column h-column-container d-flex h-col-lg-auto h-col-md-auto h-col-auto align-self-lg-center align-self-md-center align-self-center style-1055-outer style-local-6089-c4-outer\">\n            <div data-colibri-id=\"6089-c4\" class=\"d-flex h-flex-basis h-column__inner h-px-lg-2 h-px-md-2 h-px-2 v-inner-lg-2 v-inner-md-2 v-inner-2 style-1055 style-local-6089-c4 position-relative\">\n              <!---->\n              <!---->\n              <div class=\"w-100 h-y-container h-column__content h-column__v-align flex-basis-100 align-self-lg-start align-self-md-start align-self-start\">\n                <!---->\n                <div data-colibri-id=\"6089-c5\" class=\"h-text h-text-component style-1056 style-local-6089-c5 position-relative h-element\">\n                  <!---->\n                  <!---->\n                  <div class=\"\">\n                    <p>Bonjour et bienvenue.<\/p>\n                    <p>Ce site a \u00e9t\u00e9 cr\u00e9\u00e9 pour aider les chercheurs de v\u00e9rit\u00e9 et pour soulager ceux qui souffrent. Vous pouvez y trouver des secrets de grands sages qui soignent l&rsquo;\u00e2me et qui aident \u00e0 se reconstruire. Mes photos de fleurs et de couchers de\n                      soleil en \u00ab\u00a0galeries photos\u00a0\u00bb. Cliquez sur l&rsquo;ic\u00f4ne \u00ab\u00a0Youtube\u00a0\u00bb en haut \u00e0 droite pour voir les vid\u00e9os. 68 langues possibles : en haut \u00e0 droite des pages. Commencez par la Pr\u00e9sentation ci-dessous. Il y aura r\u00e9guli\u00e8rement des ajouts. Si\n                      ce lieu vous a plu, merci de le conseiller \u00e0 votre entourage. Je vous souhaite le meilleur ainsi qu&rsquo;\u00e0 votre famille. Joyeuse et enrichissante visite.<\/p>\n                    <p><span style=\"font-weight: 400; font-size: 20px; font-family: Inder; color: rgb(0, 22, 122);\">Descendez pour poursuivre la pr\u00e9sentation&#8230;<\/span><\/p>\n                    <p>\n                      <br>\n                    <\/p>\n                  <\/div>\n                <\/div>\n              <\/div>\n            <\/div>\n          <\/div>\n        <\/div>\n      <\/div>\n      <div data-colibri-id=\"6089-c6\" class=\"h-row-container gutters-row-lg-2 gutters-row-md-2 gutters-row-0 gutters-row-v-lg-2 gutters-row-v-md-2 gutters-row-v-2 style-1060 style-local-6089-c6 position-relative\">\n        <!---->\n        <div class=\"h-row justify-content-lg-center justify-content-md-center justify-content-center align-items-lg-stretch align-items-md-stretch align-items-stretch gutters-col-lg-2 gutters-col-md-2 gutters-col-0 gutters-col-v-lg-2 gutters-col-v-md-2 gutters-col-v-2\">\n          <!---->\n          <div class=\"h-column h-column-container d-flex h-col-lg-auto h-col-md-auto h-col-auto style-1061-outer style-local-6089-c7-outer\">\n            <div data-colibri-id=\"6089-c7\" class=\"d-flex h-flex-basis h-column__inner h-px-lg-2 h-px-md-2 h-px-2 v-inner-lg-2 v-inner-md-2 v-inner-2 style-1061 style-local-6089-c7 position-relative\">\n              <!---->\n              <!---->\n              <div class=\"w-100 h-y-container h-column__content h-column__v-align flex-basis-100 align-self-lg-start align-self-md-start align-self-start\">\n                <!---->\n                <div data-colibri-id=\"6089-c8\" class=\"h-text h-text-component style-1059 style-local-6089-c8 position-relative h-element\">\n                  <!---->\n                  <!---->\n                  <div class=\"\">\n                    <p>Pr\u00e9sentation suite :<\/p>\n                    <p>Vous \u00eates au bon endroit, sur ce site, pour vous am\u00e9liorer.<\/p>\n                    <p>Noter la pr\u00e9sence de la galerie de photos de couchers de soleil et de fleurs. Profitez\u2026<\/p>\n                    <p>Vient ensuite l\u2019article \u00ab Contact\u00bb : vous y trouvez mon adresse mail et les r\u00e9ponses aux questions sur les \u00e9crits que vous ne comprenez pas bien. J\u2019y r\u00e9pondrai du mieux possible.<\/p>\n                    <p>Si vous voulez me conna\u00eetre un peu plus, consultez la page \u00ab Mon livre \u00bb : les 15 premi\u00e8res pages d\u00e9crivent mon pass\u00e9. Le reste \u00e9tant un compl\u00e9ment des autres textes.<\/p>\n                    <p>Les secrets des Sages sont issus d\u2019\u00e9crits de Freud, d\u2019Albert Einstein. J\u2019ai aussi puis\u00e9 dans des revues et des documentaires publi\u00e9s par de grands scientifiques et de grands philosophes.<\/p>\n                    <p>Autres sources :<\/p>\n                    <p>\u00ab La bible \u00bb, \u00ab La Bhagavad-Gita \u00bb, \u00ab Le livre des morts tib\u00e9tain \u00bb, Milarepa, Jiddu Krishnamurti, Lobsang Rampa.<\/p>\n                    <p>On accepte ou pas ces textes. Je les ai mis dans ces pages parce qu\u2019en m\u00e9ditant, avec le temps, ils m\u2019ont apparu de plus en plus vrais. Aussi ne les refusez pas d\u2019embl\u00e9e.<\/p>\n                    <p>Lobsang Rampa ?<\/p>\n                    <p>Je ne crois pas qu\u2019il ait \u00e9t\u00e9 lama tib\u00e9tain, capable de voir l\u2019aura humaine, grand m\u00e9taphysicien, m\u00e9dium\u2026 etc. La raison est qu\u2019il s\u2019est tromp\u00e9 dans les pr\u00e9dictions qu\u2019il a faites : apparition \u00e0 tous d\u2019un Messie en 2005, une troisi\u00e8me\n                      guerre mondiale durant le si\u00e8cle dernier\u2026 etc.<\/p>\n                    <p>Il n\u2019a jamais pu prouver tous ses suppos\u00e9s pouvoirs.<\/p>\n                    <p>Il n\u2019a jamais \u00e9t\u00e9 reconnu par les hauts dignitaires tib\u00e9tains, dont le dala\u00ef-lama.<\/p>\n                    <p>Je crois qu\u2019il avait un peu trop d\u2019imagination : il croyait que la Terre \u00e9tait creuse avec un peuple tr\u00e8s \u00e9volu\u00e9 \u00e0 l\u2019int\u00e9rieur \u00e9clair\u00e9 par un soleil (astre br\u00fblant). Toutefois, il a beaucoup apport\u00e9 \u00e0 l\u2019humanit\u00e9 en d\u00e9crivant les connaissances\n                      les plus profondes des grands sages. Celui qui sait trier dans ses \u00e9crits peut beaucoup apprendre.<\/p>\n                    <p>PAR CONTRE !!<\/p>\n                    <p>Je pense qu\u2019il s\u2019est intrins\u00e8quement int\u00e9ress\u00e9 aux textes sacr\u00e9s, qu\u2019il \u00e9tait inspir\u00e9, qu\u2019il avait atteint un haut niveau spirituel. Il a eu le m\u00e9rite de relater des v\u00e9rit\u00e9s en les rendant faciles \u00e0 comprendre pour tous. Cela m\u2019a beaucoup\n                      apport\u00e9. Je conseille fortement ses livres, surtout : \u00ab Les secrets de l\u2019aura \u00bb et : \u00ab Le dictionnaire de Rampa \u00bb.<\/p>\n                    <p><span style=\"color: rgb(0, 22, 122); font-family: Inder; font-size: 20px; font-weight: 400;\">Artho Bart.<\/span><\/p>\n                  <\/div>\n                <\/div>\n              <\/div>\n            <\/div>\n          <\/div>\n        <\/div>\n      <\/div>\n    <\/div>\n  <\/div>\n<\/div>","protected":false},"excerpt":{"rendered":"<p>Bonjour et bienvenue. Ce site a \u00e9t\u00e9 cr\u00e9\u00e9 pour aider les chercheurs de v\u00e9rit\u00e9 et pour soulager ceux qui souffrent. Vous pouvez y trouver des secrets de grands sages qui soignent l&rsquo;\u00e2me et qui aident \u00e0 se reconstruire. Mes photos de fleurs et de couchers de soleil en \u00ab\u00a0galeries photos\u00a0\u00bb. Cliquez sur l&rsquo;ic\u00f4ne \u00ab\u00a0Youtube\u00a0\u00bb en [&hellip;]<\/p>\n","protected":false},"author":1,"featured_media":0,"parent":0,"menu_order":0,"comment_status":"closed","ping_status":"closed","template":"page-templates\/full-width-page.php","meta":{"_monsterinsights_skip_tracking":false,"_monsterinsights_sitenote_active":false,"_monsterinsights_sitenote_note":"","_monsterinsights_sitenote_category":0,"two_page_speed":[],"footnotes":""},"class_list":["post-6089","page","type-page","status-publish","hentry"],"_links":{"self":[{"href":"https:\/\/spiritualite-et-reconstruction-personnelle.fr\/index.php?rest_route=\/wp\/v2\/pages\/6089","targetHints":{"allow":["GET"]}}],"collection":[{"href":"https:\/\/spiritualite-et-reconstruction-personnelle.fr\/index.php?rest_route=\/wp\/v2\/pages"}],"about":[{"href":"https:\/\/spiritualite-et-reconstruction-personnelle.fr\/index.php?rest_route=\/wp\/v2\/types\/page"}],"author":[{"embeddable":true,"href":"https:\/\/spiritualite-et-reconstruction-personnelle.fr\/index.php?rest_route=\/wp\/v2\/users\/1"}],"replies":[{"embeddable":true,"href":"https:\/\/spiritualite-et-reconstruction-personnelle.fr\/index.php?rest_route=%2Fwp%2Fv2%2Fcomments&post=6089"}],"version-history":[{"count":20,"href":"https:\/\/spiritualite-et-reconstruction-personnelle.fr\/index.php?rest_route=\/wp\/v2\/pages\/6089\/revisions"}],"predecessor-version":[{"id":6973,"href":"https:\/\/spiritualite-et-reconstruction-personnelle.fr\/index.php?rest_route=\/wp\/v2\/pages\/6089\/revisions\/6973"}],"wp:attachment":[{"href":"https:\/\/spiritualite-et-reconstruction-personnelle.fr\/index.php?rest_route=%2Fwp%2Fv2%2Fmedia&parent=6089"}],"curies":[{"name":"wp","href":"https:\/\/api.w.org\/{rel}","templated":true}]}}